{"id":990,"date":"2020-02-22T16:08:43","date_gmt":"2020-02-22T15:08:43","guid":{"rendered":"http:\/\/testshop.roesterei-eisenwerk.de\/?post_type=product&#038;p=990"},"modified":"2026-04-26T14:07:13","modified_gmt":"2026-04-26T12:07:13","slug":"vom-baum-in-die-tasse-test","status":"publish","type":"product","link":"https:\/\/shop.roesterei-eisenwerk.de\/?product=vom-baum-in-die-tasse-test","title":{"rendered":"Vom Baum in die Tasse"},"content":{"rendered":"<p>Lass dich in die Welt des Kaffees entf\u00fchren&#8230;<\/p>\n<p>In diesem Workshop sprechen wir \u00fcber die Anbaugebiete, den Anbau und die Ernte sowie \u00fcber die Aufbereitung nach der Ernte und deren Einfluss auf den Geschmack des Kaffees. Neben dem verwendeten Rohkaffee beeinflusst das R\u00f6stprofil ganz entscheidend den Geschmack. Du erf\u00e4hrst, was in den einzelnen Phasen der Kaffeer\u00f6stung passiert und wie sich der fast geschmacklose gr\u00fcne Rohkaffee zu einem aromatischen R\u00f6stkaffee verwandelt.<\/p>\n<p>Dein gr\u00f6\u00dfter Einfluss auf den Genuss in der Tasse liegt bei der Zubereitung, und da gibt es einiges zu beachten.\u00a0Mahlgrad, Kaffeemenge, Wasserh\u00e4rte, Wassermenge, Br\u00fchtemperatur &#8211; all das wird erkl\u00e4rt und dann gemeinsam im Praxisteil ausgiebig ge\u00fcbt.<\/p>\n<p>Am Ende darfst du dir noch ein 250g P\u00e4ckchen deines Lieblingskaffees mit nach Hause nehmen.<\/p>\n<h5>Ort<\/h5>\n<p>R\u00f6sterei Eisenwerk, Eisenwerkstr. 11, 76571 Gaggenau<\/p>\n<h5>Dauer<\/h5>\n<p>3 Stunden<\/p>\n<h5>Teilnehmerzahl<\/h5>\n<p>Max. 6 Personen<\/p>\n<h5>Du m\u00f6chtest den Kurs verschenken?<\/h5>\n<p>Teile uns das in der Bestellnotiz im Bereich Kasse mit und du bekommst kostenfrei einen Gutschein per Post zugeschickt.<\/p>\n","protected":false},"excerpt":{"rendered":"<p>Vom Baum in die Tasse<\/p>\n","protected":false},"featured_media":1403,"template":"","meta":[],"product_brand":[],"product_cat":[76],"product_tag":[],"class_list":{"0":"post-990","1":"product","2":"type-product","3":"status-publish","4":"has-post-thumbnail","6":"product_cat-schulungen","7":"product_shipping_class-kostenlos","9":"first","10":"instock","11":"taxable","12":"shipping-taxable","13":"product-type-grouped"},"yoast_head":"<!-- This site is optimized with the Yoast SEO plugin v27.5 - https:\/\/yoast.com\/product\/yoast-seo-wordpress\/ -->\n<title>Vom Baum in die Tasse - R\u00f6sterei Eisenwerk Onlineshop<\/title>\n<meta name=\"robots\" content=\"noindex, follow\" \/>\n<meta property=\"og:locale\" content=\"de_DE\" \/>\n<meta property=\"og:type\" content=\"article\" \/>\n<meta property=\"og:title\" content=\"Vom Baum in die Tasse - R\u00f6sterei Eisenwerk Onlineshop\" \/>\n<meta property=\"og:description\" content=\"Vom Baum in die Tasse\" \/>\n<meta property=\"og:url\" content=\"https:\/\/shop.roesterei-eisenwerk.de\/?product=vom-baum-in-die-tasse-test\" \/>\n<meta property=\"og:site_name\" content=\"R\u00f6sterei Eisenwerk Onlineshop\" \/>\n<meta property=\"article:modified_time\" content=\"2026-04-26T12:07:13+00:00\" \/>\n<meta property=\"og:image\" content=\"https:\/\/shop.roesterei-eisenwerk.de\/wp-content\/uploads\/2020\/02\/Kaffeepfluecker.jpg\" \/>\n\t<meta property=\"og:image:width\" content=\"640\" \/>\n\t<meta property=\"og:image:height\" content=\"640\" \/>\n\t<meta property=\"og:image:type\" content=\"image\/jpeg\" \/>\n<meta name=\"twitter:card\" content=\"summary_large_image\" \/>\n<meta name=\"twitter:label1\" content=\"Gesch\u00e4tzte Lesezeit\" \/>\n\t<meta name=\"twitter:data1\" content=\"2\u00a0Minuten\" \/>\n<script type=\"application\/ld+json\" class=\"yoast-schema-graph\">{\"@context\":\"https:\\\/\\\/schema.org\",\"@graph\":[{\"@type\":\"WebPage\",\"@id\":\"https:\\\/\\\/shop.roesterei-eisenwerk.de\\\/?product=vom-baum-in-die-tasse-test\",\"url\":\"https:\\\/\\\/shop.roesterei-eisenwerk.de\\\/?product=vom-baum-in-die-tasse-test\",\"name\":\"Vom Baum in die Tasse - R\u00f6sterei Eisenwerk Onlineshop\",\"isPartOf\":{\"@id\":\"https:\\\/\\\/shop.roesterei-eisenwerk.de\\\/#website\"},\"primaryImageOfPage\":{\"@id\":\"https:\\\/\\\/shop.roesterei-eisenwerk.de\\\/?product=vom-baum-in-die-tasse-test#primaryimage\"},\"image\":{\"@id\":\"https:\\\/\\\/shop.roesterei-eisenwerk.de\\\/?product=vom-baum-in-die-tasse-test#primaryimage\"},\"thumbnailUrl\":\"https:\\\/\\\/shop.roesterei-eisenwerk.de\\\/wp-content\\\/uploads\\\/2020\\\/02\\\/Kaffeepfluecker.jpg\",\"datePublished\":\"2020-02-22T15:08:43+00:00\",\"dateModified\":\"2026-04-26T12:07:13+00:00\",\"breadcrumb\":{\"@id\":\"https:\\\/\\\/shop.roesterei-eisenwerk.de\\\/?product=vom-baum-in-die-tasse-test#breadcrumb\"},\"inLanguage\":\"de\",\"potentialAction\":[{\"@type\":\"ReadAction\",\"target\":[\"https:\\\/\\\/shop.roesterei-eisenwerk.de\\\/?product=vom-baum-in-die-tasse-test\"]}]},{\"@type\":\"ImageObject\",\"inLanguage\":\"de\",\"@id\":\"https:\\\/\\\/shop.roesterei-eisenwerk.de\\\/?product=vom-baum-in-die-tasse-test#primaryimage\",\"url\":\"https:\\\/\\\/shop.roesterei-eisenwerk.de\\\/wp-content\\\/uploads\\\/2020\\\/02\\\/Kaffeepfluecker.jpg\",\"contentUrl\":\"https:\\\/\\\/shop.roesterei-eisenwerk.de\\\/wp-content\\\/uploads\\\/2020\\\/02\\\/Kaffeepfluecker.jpg\",\"width\":640,\"height\":640},{\"@type\":\"BreadcrumbList\",\"@id\":\"https:\\\/\\\/shop.roesterei-eisenwerk.de\\\/?product=vom-baum-in-die-tasse-test#breadcrumb\",\"itemListElement\":[{\"@type\":\"ListItem\",\"position\":1,\"name\":\"Startseite\",\"item\":\"https:\\\/\\\/shop.roesterei-eisenwerk.de\\\/\"},{\"@type\":\"ListItem\",\"position\":2,\"name\":\"Shop\",\"item\":\"https:\\\/\\\/shop.roesterei-eisenwerk.de\\\/\"},{\"@type\":\"ListItem\",\"position\":3,\"name\":\"Vom Baum in die Tasse\"}]},{\"@type\":\"WebSite\",\"@id\":\"https:\\\/\\\/shop.roesterei-eisenwerk.de\\\/#website\",\"url\":\"https:\\\/\\\/shop.roesterei-eisenwerk.de\\\/\",\"name\":\"R\u00f6sterei Eisenwerk Onlineshop\",\"description\":\"\",\"publisher\":{\"@id\":\"https:\\\/\\\/shop.roesterei-eisenwerk.de\\\/#organization\"},\"potentialAction\":[{\"@type\":\"SearchAction\",\"target\":{\"@type\":\"EntryPoint\",\"urlTemplate\":\"https:\\\/\\\/shop.roesterei-eisenwerk.de\\\/?s={search_term_string}\"},\"query-input\":{\"@type\":\"PropertyValueSpecification\",\"valueRequired\":true,\"valueName\":\"search_term_string\"}}],\"inLanguage\":\"de\"},{\"@type\":\"Organization\",\"@id\":\"https:\\\/\\\/shop.roesterei-eisenwerk.de\\\/#organization\",\"name\":\"R\u00f6sterei Eisenwerk\",\"url\":\"https:\\\/\\\/shop.roesterei-eisenwerk.de\\\/\",\"logo\":{\"@type\":\"ImageObject\",\"inLanguage\":\"de\",\"@id\":\"https:\\\/\\\/shop.roesterei-eisenwerk.de\\\/#\\\/schema\\\/logo\\\/image\\\/\",\"url\":\"https:\\\/\\\/shop.roesterei-eisenwerk.de\\\/wp-content\\\/uploads\\\/2020\\\/02\\\/Roesterei-Logo-klein8.png\",\"contentUrl\":\"https:\\\/\\\/shop.roesterei-eisenwerk.de\\\/wp-content\\\/uploads\\\/2020\\\/02\\\/Roesterei-Logo-klein8.png\",\"width\":520,\"height\":280,\"caption\":\"R\u00f6sterei Eisenwerk\"},\"image\":{\"@id\":\"https:\\\/\\\/shop.roesterei-eisenwerk.de\\\/#\\\/schema\\\/logo\\\/image\\\/\"}}]}<\/script>\n<!-- \/ Yoast SEO plugin. -->","yoast_head_json":{"title":"Vom Baum in die Tasse - R\u00f6sterei Eisenwerk Onlineshop","robots":{"index":"noindex","follow":"follow"},"og_locale":"de_DE","og_type":"article","og_title":"Vom Baum in die Tasse - R\u00f6sterei Eisenwerk Onlineshop","og_description":"Vom Baum in die Tasse","og_url":"https:\/\/shop.roesterei-eisenwerk.de\/?product=vom-baum-in-die-tasse-test","og_site_name":"R\u00f6sterei Eisenwerk Onlineshop","article_modified_time":"2026-04-26T12:07:13+00:00","og_image":[{"width":640,"height":640,"url":"https:\/\/shop.roesterei-eisenwerk.de\/wp-content\/uploads\/2020\/02\/Kaffeepfluecker.jpg","type":"image\/jpeg"}],"twitter_card":"summary_large_image","twitter_misc":{"Gesch\u00e4tzte Lesezeit":"2\u00a0Minuten"},"schema":{"@context":"https:\/\/schema.org","@graph":[{"@type":"WebPage","@id":"https:\/\/shop.roesterei-eisenwerk.de\/?product=vom-baum-in-die-tasse-test","url":"https:\/\/shop.roesterei-eisenwerk.de\/?product=vom-baum-in-die-tasse-test","name":"Vom Baum in die Tasse - R\u00f6sterei Eisenwerk Onlineshop","isPartOf":{"@id":"https:\/\/shop.roesterei-eisenwerk.de\/#website"},"primaryImageOfPage":{"@id":"https:\/\/shop.roesterei-eisenwerk.de\/?product=vom-baum-in-die-tasse-test#primaryimage"},"image":{"@id":"https:\/\/shop.roesterei-eisenwerk.de\/?product=vom-baum-in-die-tasse-test#primaryimage"},"thumbnailUrl":"https:\/\/shop.roesterei-eisenwerk.de\/wp-content\/uploads\/2020\/02\/Kaffeepfluecker.jpg","datePublished":"2020-02-22T15:08:43+00:00","dateModified":"2026-04-26T12:07:13+00:00","breadcrumb":{"@id":"https:\/\/shop.roesterei-eisenwerk.de\/?product=vom-baum-in-die-tasse-test#breadcrumb"},"inLanguage":"de","potentialAction":[{"@type":"ReadAction","target":["https:\/\/shop.roesterei-eisenwerk.de\/?product=vom-baum-in-die-tasse-test"]}]},{"@type":"ImageObject","inLanguage":"de","@id":"https:\/\/shop.roesterei-eisenwerk.de\/?product=vom-baum-in-die-tasse-test#primaryimage","url":"https:\/\/shop.roesterei-eisenwerk.de\/wp-content\/uploads\/2020\/02\/Kaffeepfluecker.jpg","contentUrl":"https:\/\/shop.roesterei-eisenwerk.de\/wp-content\/uploads\/2020\/02\/Kaffeepfluecker.jpg","width":640,"height":640},{"@type":"BreadcrumbList","@id":"https:\/\/shop.roesterei-eisenwerk.de\/?product=vom-baum-in-die-tasse-test#breadcrumb","itemListElement":[{"@type":"ListItem","position":1,"name":"Startseite","item":"https:\/\/shop.roesterei-eisenwerk.de\/"},{"@type":"ListItem","position":2,"name":"Shop","item":"https:\/\/shop.roesterei-eisenwerk.de\/"},{"@type":"ListItem","position":3,"name":"Vom Baum in die Tasse"}]},{"@type":"WebSite","@id":"https:\/\/shop.roesterei-eisenwerk.de\/#website","url":"https:\/\/shop.roesterei-eisenwerk.de\/","name":"R\u00f6sterei Eisenwerk Onlineshop","description":"","publisher":{"@id":"https:\/\/shop.roesterei-eisenwerk.de\/#organization"},"potentialAction":[{"@type":"SearchAction","target":{"@type":"EntryPoint","urlTemplate":"https:\/\/shop.roesterei-eisenwerk.de\/?s={search_term_string}"},"query-input":{"@type":"PropertyValueSpecification","valueRequired":true,"valueName":"search_term_string"}}],"inLanguage":"de"},{"@type":"Organization","@id":"https:\/\/shop.roesterei-eisenwerk.de\/#organization","name":"R\u00f6sterei Eisenwerk","url":"https:\/\/shop.roesterei-eisenwerk.de\/","logo":{"@type":"ImageObject","inLanguage":"de","@id":"https:\/\/shop.roesterei-eisenwerk.de\/#\/schema\/logo\/image\/","url":"https:\/\/shop.roesterei-eisenwerk.de\/wp-content\/uploads\/2020\/02\/Roesterei-Logo-klein8.png","contentUrl":"https:\/\/shop.roesterei-eisenwerk.de\/wp-content\/uploads\/2020\/02\/Roesterei-Logo-klein8.png","width":520,"height":280,"caption":"R\u00f6sterei Eisenwerk"},"image":{"@id":"https:\/\/shop.roesterei-eisenwerk.de\/#\/schema\/logo\/image\/"}}]}},"_links":{"self":[{"href":"https:\/\/shop.roesterei-eisenwerk.de\/index.php?rest_route=\/wp\/v2\/product\/990","targetHints":{"allow":["GET"]}}],"collection":[{"href":"https:\/\/shop.roesterei-eisenwerk.de\/index.php?rest_route=\/wp\/v2\/product"}],"about":[{"href":"https:\/\/shop.roesterei-eisenwerk.de\/index.php?rest_route=\/wp\/v2\/types\/product"}],"wp:featuredmedia":[{"embeddable":true,"href":"https:\/\/shop.roesterei-eisenwerk.de\/index.php?rest_route=\/wp\/v2\/media\/1403"}],"wp:attachment":[{"href":"https:\/\/shop.roesterei-eisenwerk.de\/index.php?rest_route=%2Fwp%2Fv2%2Fmedia&parent=990"}],"wp:term":[{"taxonomy":"product_brand","embeddable":true,"href":"https:\/\/shop.roesterei-eisenwerk.de\/index.php?rest_route=%2Fwp%2Fv2%2Fproduct_brand&post=990"},{"taxonomy":"product_cat","embeddable":true,"href":"https:\/\/shop.roesterei-eisenwerk.de\/index.php?rest_route=%2Fwp%2Fv2%2Fproduct_cat&post=990"},{"taxonomy":"product_tag","embeddable":true,"href":"https:\/\/shop.roesterei-eisenwerk.de\/index.php?rest_route=%2Fwp%2Fv2%2Fproduct_tag&post=990"}],"curies":[{"name":"wp","href":"https:\/\/api.w.org\/{rel}","templated":true}]}}