{"id":69,"date":"2020-01-28T22:26:31","date_gmt":"2020-01-28T21:26:31","guid":{"rendered":"http:\/\/testshop.roesterei-eisenwerk.de\/produkt\/import-placeholder-for-188\/"},"modified":"2025-09-09T23:05:50","modified_gmt":"2025-09-09T21:05:50","slug":"espresso-no-8","status":"publish","type":"product","link":"https:\/\/shop.roesterei-eisenwerk.de\/?product=espresso-no-8","title":{"rendered":"Espresso No. 8"},"content":{"rendered":"<p>Kr\u00e4ftiger Espresso aus sortenreinem Parzellenkaffee, vollmundig und w\u00fcrzig<br \/>\nmit einem Hauch Muskat und nussigem Mandelaroma<\/p>\n<h5>Herkunft<\/h5>\n<p>El Salvador, Finca La Quintanilla<\/p>\n<h5>Variet\u00e4t<\/h5>\n<p>Bourbon Tekisic, fully washed<\/p>\n<h5>Optimal f\u00fcr<\/h5>\n<p>Siebtr\u00e4ger, Vollautomat, French Press<\/p>\n","protected":false},"excerpt":{"rendered":"<p>Kr\u00e4ftiger Espresso aus sortenreinem Parzellenkaffee, vollmundig und w\u00fcrzig mit einem Hauch Muskat und nussigem Mandelaroma Herkunft El Salvador, Finca La Quintanilla Variet\u00e4t Bourbon Tekisic, fully washed Optimal f\u00fcr Siebtr\u00e4ger, Vollautomat, French Press<\/p>\n","protected":false},"featured_media":83,"template":"","meta":[],"product_brand":[],"product_cat":[31],"product_tag":[44,34,45,46],"class_list":{"0":"post-69","1":"product","2":"type-product","3":"status-publish","4":"has-post-thumbnail","6":"product_cat-espressoroestungen","7":"product_tag-el-salvador","8":"product_tag-espresso","9":"product_tag-vollmundig-nussiges-mandelaroma","10":"product_tag-wuerzig-nach-muskatnuss","12":"first","13":"instock","14":"taxable","15":"shipping-taxable","16":"purchasable","17":"product-type-variable","18":"has-default-attributes"},"yoast_head":"<!-- This site is optimized with the Yoast SEO plugin v27.5 - https:\/\/yoast.com\/product\/yoast-seo-wordpress\/ -->\n<title>Espresso No. 8 - R\u00f6sterei Eisenwerk Onlineshop<\/title>\n<meta name=\"robots\" content=\"noindex, follow\" \/>\n<meta property=\"og:locale\" content=\"de_DE\" \/>\n<meta property=\"og:type\" content=\"article\" \/>\n<meta property=\"og:title\" content=\"Espresso No. 8 - R\u00f6sterei Eisenwerk Onlineshop\" \/>\n<meta property=\"og:description\" content=\"Kr\u00e4ftiger Espresso aus sortenreinem Parzellenkaffee, vollmundig und w\u00fcrzig mit einem Hauch Muskat und nussigem Mandelaroma Herkunft El Salvador, Finca La Quintanilla Variet\u00e4t Bourbon Tekisic, fully washed Optimal f\u00fcr Siebtr\u00e4ger, Vollautomat, French Press\" \/>\n<meta property=\"og:url\" content=\"https:\/\/shop.roesterei-eisenwerk.de\/?product=espresso-no-8\" \/>\n<meta property=\"og:site_name\" content=\"R\u00f6sterei Eisenwerk Onlineshop\" \/>\n<meta property=\"article:modified_time\" content=\"2025-09-09T21:05:50+00:00\" \/>\n<meta property=\"og:image\" content=\"https:\/\/shop.roesterei-eisenwerk.de\/wp-content\/uploads\/2020\/01\/Kaffee8.png\" \/>\n\t<meta property=\"og:image:width\" content=\"1181\" \/>\n\t<meta property=\"og:image:height\" content=\"1181\" \/>\n\t<meta property=\"og:image:type\" content=\"image\/png\" \/>\n<meta name=\"twitter:card\" content=\"summary_large_image\" \/>\n<meta name=\"twitter:label1\" content=\"Gesch\u00e4tzte Lesezeit\" \/>\n\t<meta name=\"twitter:data1\" content=\"1\u00a0Minute\" \/>\n<script type=\"application\/ld+json\" class=\"yoast-schema-graph\">{\"@context\":\"https:\\\/\\\/schema.org\",\"@graph\":[{\"@type\":\"WebPage\",\"@id\":\"https:\\\/\\\/shop.roesterei-eisenwerk.de\\\/?product=espresso-no-8\",\"url\":\"https:\\\/\\\/shop.roesterei-eisenwerk.de\\\/?product=espresso-no-8\",\"name\":\"Espresso No. 8 - R\u00f6sterei Eisenwerk Onlineshop\",\"isPartOf\":{\"@id\":\"https:\\\/\\\/shop.roesterei-eisenwerk.de\\\/#website\"},\"primaryImageOfPage\":{\"@id\":\"https:\\\/\\\/shop.roesterei-eisenwerk.de\\\/?product=espresso-no-8#primaryimage\"},\"image\":{\"@id\":\"https:\\\/\\\/shop.roesterei-eisenwerk.de\\\/?product=espresso-no-8#primaryimage\"},\"thumbnailUrl\":\"https:\\\/\\\/shop.roesterei-eisenwerk.de\\\/wp-content\\\/uploads\\\/2020\\\/01\\\/Kaffee8.png\",\"datePublished\":\"2020-01-28T21:26:31+00:00\",\"dateModified\":\"2025-09-09T21:05:50+00:00\",\"breadcrumb\":{\"@id\":\"https:\\\/\\\/shop.roesterei-eisenwerk.de\\\/?product=espresso-no-8#breadcrumb\"},\"inLanguage\":\"de\",\"potentialAction\":[{\"@type\":\"ReadAction\",\"target\":[\"https:\\\/\\\/shop.roesterei-eisenwerk.de\\\/?product=espresso-no-8\"]}]},{\"@type\":\"ImageObject\",\"inLanguage\":\"de\",\"@id\":\"https:\\\/\\\/shop.roesterei-eisenwerk.de\\\/?product=espresso-no-8#primaryimage\",\"url\":\"https:\\\/\\\/shop.roesterei-eisenwerk.de\\\/wp-content\\\/uploads\\\/2020\\\/01\\\/Kaffee8.png\",\"contentUrl\":\"https:\\\/\\\/shop.roesterei-eisenwerk.de\\\/wp-content\\\/uploads\\\/2020\\\/01\\\/Kaffee8.png\",\"width\":1181,\"height\":1181},{\"@type\":\"BreadcrumbList\",\"@id\":\"https:\\\/\\\/shop.roesterei-eisenwerk.de\\\/?product=espresso-no-8#breadcrumb\",\"itemListElement\":[{\"@type\":\"ListItem\",\"position\":1,\"name\":\"Startseite\",\"item\":\"https:\\\/\\\/shop.roesterei-eisenwerk.de\\\/\"},{\"@type\":\"ListItem\",\"position\":2,\"name\":\"Shop\",\"item\":\"https:\\\/\\\/shop.roesterei-eisenwerk.de\\\/\"},{\"@type\":\"ListItem\",\"position\":3,\"name\":\"Espresso No. 8\"}]},{\"@type\":\"WebSite\",\"@id\":\"https:\\\/\\\/shop.roesterei-eisenwerk.de\\\/#website\",\"url\":\"https:\\\/\\\/shop.roesterei-eisenwerk.de\\\/\",\"name\":\"R\u00f6sterei Eisenwerk Onlineshop\",\"description\":\"\",\"publisher\":{\"@id\":\"https:\\\/\\\/shop.roesterei-eisenwerk.de\\\/#organization\"},\"potentialAction\":[{\"@type\":\"SearchAction\",\"target\":{\"@type\":\"EntryPoint\",\"urlTemplate\":\"https:\\\/\\\/shop.roesterei-eisenwerk.de\\\/?s={search_term_string}\"},\"query-input\":{\"@type\":\"PropertyValueSpecification\",\"valueRequired\":true,\"valueName\":\"search_term_string\"}}],\"inLanguage\":\"de\"},{\"@type\":\"Organization\",\"@id\":\"https:\\\/\\\/shop.roesterei-eisenwerk.de\\\/#organization\",\"name\":\"R\u00f6sterei Eisenwerk\",\"url\":\"https:\\\/\\\/shop.roesterei-eisenwerk.de\\\/\",\"logo\":{\"@type\":\"ImageObject\",\"inLanguage\":\"de\",\"@id\":\"https:\\\/\\\/shop.roesterei-eisenwerk.de\\\/#\\\/schema\\\/logo\\\/image\\\/\",\"url\":\"https:\\\/\\\/shop.roesterei-eisenwerk.de\\\/wp-content\\\/uploads\\\/2020\\\/02\\\/Roesterei-Logo-klein8.png\",\"contentUrl\":\"https:\\\/\\\/shop.roesterei-eisenwerk.de\\\/wp-content\\\/uploads\\\/2020\\\/02\\\/Roesterei-Logo-klein8.png\",\"width\":520,\"height\":280,\"caption\":\"R\u00f6sterei Eisenwerk\"},\"image\":{\"@id\":\"https:\\\/\\\/shop.roesterei-eisenwerk.de\\\/#\\\/schema\\\/logo\\\/image\\\/\"}}]}<\/script>\n<!-- \/ Yoast SEO plugin. -->","yoast_head_json":{"title":"Espresso No. 8 - R\u00f6sterei Eisenwerk Onlineshop","robots":{"index":"noindex","follow":"follow"},"og_locale":"de_DE","og_type":"article","og_title":"Espresso No. 8 - R\u00f6sterei Eisenwerk Onlineshop","og_description":"Kr\u00e4ftiger Espresso aus sortenreinem Parzellenkaffee, vollmundig und w\u00fcrzig mit einem Hauch Muskat und nussigem Mandelaroma Herkunft El Salvador, Finca La Quintanilla Variet\u00e4t Bourbon Tekisic, fully washed Optimal f\u00fcr Siebtr\u00e4ger, Vollautomat, French Press","og_url":"https:\/\/shop.roesterei-eisenwerk.de\/?product=espresso-no-8","og_site_name":"R\u00f6sterei Eisenwerk Onlineshop","article_modified_time":"2025-09-09T21:05:50+00:00","og_image":[{"width":1181,"height":1181,"url":"https:\/\/shop.roesterei-eisenwerk.de\/wp-content\/uploads\/2020\/01\/Kaffee8.png","type":"image\/png"}],"twitter_card":"summary_large_image","twitter_misc":{"Gesch\u00e4tzte Lesezeit":"1\u00a0Minute"},"schema":{"@context":"https:\/\/schema.org","@graph":[{"@type":"WebPage","@id":"https:\/\/shop.roesterei-eisenwerk.de\/?product=espresso-no-8","url":"https:\/\/shop.roesterei-eisenwerk.de\/?product=espresso-no-8","name":"Espresso No. 8 - R\u00f6sterei Eisenwerk Onlineshop","isPartOf":{"@id":"https:\/\/shop.roesterei-eisenwerk.de\/#website"},"primaryImageOfPage":{"@id":"https:\/\/shop.roesterei-eisenwerk.de\/?product=espresso-no-8#primaryimage"},"image":{"@id":"https:\/\/shop.roesterei-eisenwerk.de\/?product=espresso-no-8#primaryimage"},"thumbnailUrl":"https:\/\/shop.roesterei-eisenwerk.de\/wp-content\/uploads\/2020\/01\/Kaffee8.png","datePublished":"2020-01-28T21:26:31+00:00","dateModified":"2025-09-09T21:05:50+00:00","breadcrumb":{"@id":"https:\/\/shop.roesterei-eisenwerk.de\/?product=espresso-no-8#breadcrumb"},"inLanguage":"de","potentialAction":[{"@type":"ReadAction","target":["https:\/\/shop.roesterei-eisenwerk.de\/?product=espresso-no-8"]}]},{"@type":"ImageObject","inLanguage":"de","@id":"https:\/\/shop.roesterei-eisenwerk.de\/?product=espresso-no-8#primaryimage","url":"https:\/\/shop.roesterei-eisenwerk.de\/wp-content\/uploads\/2020\/01\/Kaffee8.png","contentUrl":"https:\/\/shop.roesterei-eisenwerk.de\/wp-content\/uploads\/2020\/01\/Kaffee8.png","width":1181,"height":1181},{"@type":"BreadcrumbList","@id":"https:\/\/shop.roesterei-eisenwerk.de\/?product=espresso-no-8#breadcrumb","itemListElement":[{"@type":"ListItem","position":1,"name":"Startseite","item":"https:\/\/shop.roesterei-eisenwerk.de\/"},{"@type":"ListItem","position":2,"name":"Shop","item":"https:\/\/shop.roesterei-eisenwerk.de\/"},{"@type":"ListItem","position":3,"name":"Espresso No. 8"}]},{"@type":"WebSite","@id":"https:\/\/shop.roesterei-eisenwerk.de\/#website","url":"https:\/\/shop.roesterei-eisenwerk.de\/","name":"R\u00f6sterei Eisenwerk Onlineshop","description":"","publisher":{"@id":"https:\/\/shop.roesterei-eisenwerk.de\/#organization"},"potentialAction":[{"@type":"SearchAction","target":{"@type":"EntryPoint","urlTemplate":"https:\/\/shop.roesterei-eisenwerk.de\/?s={search_term_string}"},"query-input":{"@type":"PropertyValueSpecification","valueRequired":true,"valueName":"search_term_string"}}],"inLanguage":"de"},{"@type":"Organization","@id":"https:\/\/shop.roesterei-eisenwerk.de\/#organization","name":"R\u00f6sterei Eisenwerk","url":"https:\/\/shop.roesterei-eisenwerk.de\/","logo":{"@type":"ImageObject","inLanguage":"de","@id":"https:\/\/shop.roesterei-eisenwerk.de\/#\/schema\/logo\/image\/","url":"https:\/\/shop.roesterei-eisenwerk.de\/wp-content\/uploads\/2020\/02\/Roesterei-Logo-klein8.png","contentUrl":"https:\/\/shop.roesterei-eisenwerk.de\/wp-content\/uploads\/2020\/02\/Roesterei-Logo-klein8.png","width":520,"height":280,"caption":"R\u00f6sterei Eisenwerk"},"image":{"@id":"https:\/\/shop.roesterei-eisenwerk.de\/#\/schema\/logo\/image\/"}}]}},"_links":{"self":[{"href":"https:\/\/shop.roesterei-eisenwerk.de\/index.php?rest_route=\/wp\/v2\/product\/69","targetHints":{"allow":["GET"]}}],"collection":[{"href":"https:\/\/shop.roesterei-eisenwerk.de\/index.php?rest_route=\/wp\/v2\/product"}],"about":[{"href":"https:\/\/shop.roesterei-eisenwerk.de\/index.php?rest_route=\/wp\/v2\/types\/product"}],"wp:featuredmedia":[{"embeddable":true,"href":"https:\/\/shop.roesterei-eisenwerk.de\/index.php?rest_route=\/wp\/v2\/media\/83"}],"wp:attachment":[{"href":"https:\/\/shop.roesterei-eisenwerk.de\/index.php?rest_route=%2Fwp%2Fv2%2Fmedia&parent=69"}],"wp:term":[{"taxonomy":"product_brand","embeddable":true,"href":"https:\/\/shop.roesterei-eisenwerk.de\/index.php?rest_route=%2Fwp%2Fv2%2Fproduct_brand&post=69"},{"taxonomy":"product_cat","embeddable":true,"href":"https:\/\/shop.roesterei-eisenwerk.de\/index.php?rest_route=%2Fwp%2Fv2%2Fproduct_cat&post=69"},{"taxonomy":"product_tag","embeddable":true,"href":"https:\/\/shop.roesterei-eisenwerk.de\/index.php?rest_route=%2Fwp%2Fv2%2Fproduct_tag&post=69"}],"curies":[{"name":"wp","href":"https:\/\/api.w.org\/{rel}","templated":true}]}}