{"id":5247,"date":"2026-02-04T21:20:23","date_gmt":"2026-02-04T20:20:23","guid":{"rendered":"https:\/\/shop.roesterei-eisenwerk.de\/?post_type=product&#038;p=5247"},"modified":"2026-02-04T21:48:55","modified_gmt":"2026-02-04T20:48:55","slug":"espresso-no-29-2","status":"publish","type":"product","link":"https:\/\/shop.roesterei-eisenwerk.de\/?product=espresso-no-29-2","title":{"rendered":"Espresso No. 29"},"content":{"rendered":"<p>Fruchtiger Espresso mit Karamell-Note<\/p>\n<h5>Herkunft<\/h5>\n<p>Honduras, Finca La Joya<\/p>\n<h5>Variet\u00e4t<\/h5>\n<p>Pache, natural<\/p>\n<h5>Optimal f\u00fcr<\/h5>\n<p>Siebtr\u00e4ger, Vollautomat, Herdk\u00e4nnchen<\/p>\n","protected":false},"excerpt":{"rendered":"<p>Fruchtiger Espresso mit Karamell-Note Herkunft Honduras, Finca La Joya Variet\u00e4t Pache, natural Optimal f\u00fcr Siebtr\u00e4ger, Vollautomat, Herdk\u00e4nnchen<\/p>\n","protected":false},"featured_media":5231,"template":"","meta":[],"product_brand":[],"product_cat":[31],"product_tag":[34,51,113],"class_list":{"0":"post-5247","1":"product","2":"type-product","3":"status-publish","4":"has-post-thumbnail","6":"product_cat-espressoroestungen","7":"product_tag-espresso","8":"product_tag-honduras","9":"product_tag-pache","11":"first","12":"instock","13":"taxable","14":"shipping-taxable","15":"purchasable","16":"product-type-variable","17":"has-default-attributes"},"yoast_head":"<!-- This site is optimized with the Yoast SEO plugin v26.9 - https:\/\/yoast.com\/product\/yoast-seo-wordpress\/ -->\n<title>Espresso No. 29 - R\u00f6sterei Eisenwerk Onlineshop<\/title>\n<meta name=\"robots\" content=\"noindex, follow\" \/>\n<meta property=\"og:locale\" content=\"de_DE\" \/>\n<meta property=\"og:type\" content=\"article\" \/>\n<meta property=\"og:title\" content=\"Espresso No. 29 - R\u00f6sterei Eisenwerk Onlineshop\" \/>\n<meta property=\"og:description\" content=\"Fruchtiger Espresso mit Karamell-Note Herkunft Honduras, Finca La Joya Variet\u00e4t Pache, natural Optimal f\u00fcr Siebtr\u00e4ger, Vollautomat, Herdk\u00e4nnchen\" \/>\n<meta property=\"og:url\" content=\"https:\/\/shop.roesterei-eisenwerk.de\/?product=espresso-no-29-2\" \/>\n<meta property=\"og:site_name\" content=\"R\u00f6sterei Eisenwerk Onlineshop\" \/>\n<meta property=\"article:modified_time\" content=\"2026-02-04T20:48:55+00:00\" \/>\n<meta property=\"og:image\" content=\"https:\/\/shop.roesterei-eisenwerk.de\/wp-content\/uploads\/2026\/02\/Kaffee29.png\" \/>\n\t<meta property=\"og:image:width\" content=\"1181\" \/>\n\t<meta property=\"og:image:height\" content=\"1181\" \/>\n\t<meta property=\"og:image:type\" content=\"image\/png\" \/>\n<meta name=\"twitter:card\" content=\"summary_large_image\" \/>\n<meta name=\"twitter:label1\" content=\"Gesch\u00e4tzte Lesezeit\" \/>\n\t<meta name=\"twitter:data1\" content=\"1\u00a0Minute\" \/>\n<script type=\"application\/ld+json\" class=\"yoast-schema-graph\">{\"@context\":\"https:\/\/schema.org\",\"@graph\":[{\"@type\":\"WebPage\",\"@id\":\"https:\/\/shop.roesterei-eisenwerk.de\/?product=espresso-no-29-2\",\"url\":\"https:\/\/shop.roesterei-eisenwerk.de\/?product=espresso-no-29-2\",\"name\":\"Espresso No. 29 - R\u00f6sterei Eisenwerk Onlineshop\",\"isPartOf\":{\"@id\":\"https:\/\/shop.roesterei-eisenwerk.de\/#website\"},\"primaryImageOfPage\":{\"@id\":\"https:\/\/shop.roesterei-eisenwerk.de\/?product=espresso-no-29-2#primaryimage\"},\"image\":{\"@id\":\"https:\/\/shop.roesterei-eisenwerk.de\/?product=espresso-no-29-2#primaryimage\"},\"thumbnailUrl\":\"https:\/\/shop.roesterei-eisenwerk.de\/wp-content\/uploads\/2026\/02\/Kaffee29.png\",\"datePublished\":\"2026-02-04T20:20:23+00:00\",\"dateModified\":\"2026-02-04T20:48:55+00:00\",\"breadcrumb\":{\"@id\":\"https:\/\/shop.roesterei-eisenwerk.de\/?product=espresso-no-29-2#breadcrumb\"},\"inLanguage\":\"de\",\"potentialAction\":[{\"@type\":\"ReadAction\",\"target\":[\"https:\/\/shop.roesterei-eisenwerk.de\/?product=espresso-no-29-2\"]}]},{\"@type\":\"ImageObject\",\"inLanguage\":\"de\",\"@id\":\"https:\/\/shop.roesterei-eisenwerk.de\/?product=espresso-no-29-2#primaryimage\",\"url\":\"https:\/\/shop.roesterei-eisenwerk.de\/wp-content\/uploads\/2026\/02\/Kaffee29.png\",\"contentUrl\":\"https:\/\/shop.roesterei-eisenwerk.de\/wp-content\/uploads\/2026\/02\/Kaffee29.png\",\"width\":1181,\"height\":1181},{\"@type\":\"BreadcrumbList\",\"@id\":\"https:\/\/shop.roesterei-eisenwerk.de\/?product=espresso-no-29-2#breadcrumb\",\"itemListElement\":[{\"@type\":\"ListItem\",\"position\":1,\"name\":\"Startseite\",\"item\":\"https:\/\/shop.roesterei-eisenwerk.de\/\"},{\"@type\":\"ListItem\",\"position\":2,\"name\":\"Shop\",\"item\":\"https:\/\/shop.roesterei-eisenwerk.de\/\"},{\"@type\":\"ListItem\",\"position\":3,\"name\":\"Espresso No. 29\"}]},{\"@type\":\"WebSite\",\"@id\":\"https:\/\/shop.roesterei-eisenwerk.de\/#website\",\"url\":\"https:\/\/shop.roesterei-eisenwerk.de\/\",\"name\":\"R\u00f6sterei Eisenwerk Onlineshop\",\"description\":\"\",\"publisher\":{\"@id\":\"https:\/\/shop.roesterei-eisenwerk.de\/#organization\"},\"potentialAction\":[{\"@type\":\"SearchAction\",\"target\":{\"@type\":\"EntryPoint\",\"urlTemplate\":\"https:\/\/shop.roesterei-eisenwerk.de\/?s={search_term_string}\"},\"query-input\":{\"@type\":\"PropertyValueSpecification\",\"valueRequired\":true,\"valueName\":\"search_term_string\"}}],\"inLanguage\":\"de\"},{\"@type\":\"Organization\",\"@id\":\"https:\/\/shop.roesterei-eisenwerk.de\/#organization\",\"name\":\"R\u00f6sterei Eisenwerk\",\"url\":\"https:\/\/shop.roesterei-eisenwerk.de\/\",\"logo\":{\"@type\":\"ImageObject\",\"inLanguage\":\"de\",\"@id\":\"https:\/\/shop.roesterei-eisenwerk.de\/#\/schema\/logo\/image\/\",\"url\":\"https:\/\/shop.roesterei-eisenwerk.de\/wp-content\/uploads\/2020\/02\/Roesterei-Logo-klein8.png\",\"contentUrl\":\"https:\/\/shop.roesterei-eisenwerk.de\/wp-content\/uploads\/2020\/02\/Roesterei-Logo-klein8.png\",\"width\":520,\"height\":280,\"caption\":\"R\u00f6sterei Eisenwerk\"},\"image\":{\"@id\":\"https:\/\/shop.roesterei-eisenwerk.de\/#\/schema\/logo\/image\/\"}}]}<\/script>\n<!-- \/ Yoast SEO plugin. -->","yoast_head_json":{"title":"Espresso No. 29 - R\u00f6sterei Eisenwerk Onlineshop","robots":{"index":"noindex","follow":"follow"},"og_locale":"de_DE","og_type":"article","og_title":"Espresso No. 29 - R\u00f6sterei Eisenwerk Onlineshop","og_description":"Fruchtiger Espresso mit Karamell-Note Herkunft Honduras, Finca La Joya Variet\u00e4t Pache, natural Optimal f\u00fcr Siebtr\u00e4ger, Vollautomat, Herdk\u00e4nnchen","og_url":"https:\/\/shop.roesterei-eisenwerk.de\/?product=espresso-no-29-2","og_site_name":"R\u00f6sterei Eisenwerk Onlineshop","article_modified_time":"2026-02-04T20:48:55+00:00","og_image":[{"width":1181,"height":1181,"url":"https:\/\/shop.roesterei-eisenwerk.de\/wp-content\/uploads\/2026\/02\/Kaffee29.png","type":"image\/png"}],"twitter_card":"summary_large_image","twitter_misc":{"Gesch\u00e4tzte Lesezeit":"1\u00a0Minute"},"schema":{"@context":"https:\/\/schema.org","@graph":[{"@type":"WebPage","@id":"https:\/\/shop.roesterei-eisenwerk.de\/?product=espresso-no-29-2","url":"https:\/\/shop.roesterei-eisenwerk.de\/?product=espresso-no-29-2","name":"Espresso No. 29 - R\u00f6sterei Eisenwerk Onlineshop","isPartOf":{"@id":"https:\/\/shop.roesterei-eisenwerk.de\/#website"},"primaryImageOfPage":{"@id":"https:\/\/shop.roesterei-eisenwerk.de\/?product=espresso-no-29-2#primaryimage"},"image":{"@id":"https:\/\/shop.roesterei-eisenwerk.de\/?product=espresso-no-29-2#primaryimage"},"thumbnailUrl":"https:\/\/shop.roesterei-eisenwerk.de\/wp-content\/uploads\/2026\/02\/Kaffee29.png","datePublished":"2026-02-04T20:20:23+00:00","dateModified":"2026-02-04T20:48:55+00:00","breadcrumb":{"@id":"https:\/\/shop.roesterei-eisenwerk.de\/?product=espresso-no-29-2#breadcrumb"},"inLanguage":"de","potentialAction":[{"@type":"ReadAction","target":["https:\/\/shop.roesterei-eisenwerk.de\/?product=espresso-no-29-2"]}]},{"@type":"ImageObject","inLanguage":"de","@id":"https:\/\/shop.roesterei-eisenwerk.de\/?product=espresso-no-29-2#primaryimage","url":"https:\/\/shop.roesterei-eisenwerk.de\/wp-content\/uploads\/2026\/02\/Kaffee29.png","contentUrl":"https:\/\/shop.roesterei-eisenwerk.de\/wp-content\/uploads\/2026\/02\/Kaffee29.png","width":1181,"height":1181},{"@type":"BreadcrumbList","@id":"https:\/\/shop.roesterei-eisenwerk.de\/?product=espresso-no-29-2#breadcrumb","itemListElement":[{"@type":"ListItem","position":1,"name":"Startseite","item":"https:\/\/shop.roesterei-eisenwerk.de\/"},{"@type":"ListItem","position":2,"name":"Shop","item":"https:\/\/shop.roesterei-eisenwerk.de\/"},{"@type":"ListItem","position":3,"name":"Espresso No. 29"}]},{"@type":"WebSite","@id":"https:\/\/shop.roesterei-eisenwerk.de\/#website","url":"https:\/\/shop.roesterei-eisenwerk.de\/","name":"R\u00f6sterei Eisenwerk Onlineshop","description":"","publisher":{"@id":"https:\/\/shop.roesterei-eisenwerk.de\/#organization"},"potentialAction":[{"@type":"SearchAction","target":{"@type":"EntryPoint","urlTemplate":"https:\/\/shop.roesterei-eisenwerk.de\/?s={search_term_string}"},"query-input":{"@type":"PropertyValueSpecification","valueRequired":true,"valueName":"search_term_string"}}],"inLanguage":"de"},{"@type":"Organization","@id":"https:\/\/shop.roesterei-eisenwerk.de\/#organization","name":"R\u00f6sterei Eisenwerk","url":"https:\/\/shop.roesterei-eisenwerk.de\/","logo":{"@type":"ImageObject","inLanguage":"de","@id":"https:\/\/shop.roesterei-eisenwerk.de\/#\/schema\/logo\/image\/","url":"https:\/\/shop.roesterei-eisenwerk.de\/wp-content\/uploads\/2020\/02\/Roesterei-Logo-klein8.png","contentUrl":"https:\/\/shop.roesterei-eisenwerk.de\/wp-content\/uploads\/2020\/02\/Roesterei-Logo-klein8.png","width":520,"height":280,"caption":"R\u00f6sterei Eisenwerk"},"image":{"@id":"https:\/\/shop.roesterei-eisenwerk.de\/#\/schema\/logo\/image\/"}}]}},"_links":{"self":[{"href":"https:\/\/shop.roesterei-eisenwerk.de\/index.php?rest_route=\/wp\/v2\/product\/5247","targetHints":{"allow":["GET"]}}],"collection":[{"href":"https:\/\/shop.roesterei-eisenwerk.de\/index.php?rest_route=\/wp\/v2\/product"}],"about":[{"href":"https:\/\/shop.roesterei-eisenwerk.de\/index.php?rest_route=\/wp\/v2\/types\/product"}],"wp:featuredmedia":[{"embeddable":true,"href":"https:\/\/shop.roesterei-eisenwerk.de\/index.php?rest_route=\/wp\/v2\/media\/5231"}],"wp:attachment":[{"href":"https:\/\/shop.roesterei-eisenwerk.de\/index.php?rest_route=%2Fwp%2Fv2%2Fmedia&parent=5247"}],"wp:term":[{"taxonomy":"product_brand","embeddable":true,"href":"https:\/\/shop.roesterei-eisenwerk.de\/index.php?rest_route=%2Fwp%2Fv2%2Fproduct_brand&post=5247"},{"taxonomy":"product_cat","embeddable":true,"href":"https:\/\/shop.roesterei-eisenwerk.de\/index.php?rest_route=%2Fwp%2Fv2%2Fproduct_cat&post=5247"},{"taxonomy":"product_tag","embeddable":true,"href":"https:\/\/shop.roesterei-eisenwerk.de\/index.php?rest_route=%2Fwp%2Fv2%2Fproduct_tag&post=5247"}],"curies":[{"name":"wp","href":"https:\/\/api.w.org\/{rel}","templated":true}]}}