{"id":2022,"date":"2020-04-08T15:41:29","date_gmt":"2020-04-08T13:41:29","guid":{"rendered":"https:\/\/shop.roesterei-eisenwerk.de\/?post_type=product&#038;p=2022"},"modified":"2022-03-10T19:14:07","modified_gmt":"2022-03-10T18:14:07","slug":"postkarte","status":"publish","type":"product","link":"https:\/\/shop.roesterei-eisenwerk.de\/?product=postkarte","title":{"rendered":"Postkarte"},"content":{"rendered":"<p>Auf unseren selbstgestalteten Gru\u00dfkarten kannst du eine pers\u00f6nliche Botschaft \u00fcbermitteln.<\/p>\n<p>Falls wir das Paket direkt an den Beschenkten senden, schreiben wir f\u00fcr dich die Botschaft auch gerne auf die Karte. Teile uns in diesem Fall bitte in der Bestellnotiz im Bereich Kasse einen kurzen Text mit.<\/p>\n","protected":false},"excerpt":{"rendered":"<p>Auf unseren selbstgestalteten Gru\u00dfkarten kannst du eine pers\u00f6nliche Botschaft \u00fcbermitteln. Falls wir das Paket direkt an den Beschenkten senden, schreiben wir f\u00fcr dich die Botschaft auch gerne auf die Karte. Teile uns in diesem Fall bitte in der Bestellnotiz im Bereich Kasse einen kurzen Text mit.<\/p>\n","protected":false},"featured_media":4195,"template":"","meta":[],"product_brand":[],"product_cat":[86],"product_tag":[],"class_list":{"0":"post-2022","1":"product","2":"type-product","3":"status-publish","4":"has-post-thumbnail","6":"product_cat-individuelles","8":"first","9":"instock","10":"taxable","11":"shipping-taxable","12":"purchasable","13":"product-type-variable","14":"has-default-attributes"},"yoast_head":"<!-- This site is optimized with the Yoast SEO plugin v27.5 - https:\/\/yoast.com\/product\/yoast-seo-wordpress\/ -->\n<title>Postkarte - R\u00f6sterei Eisenwerk Onlineshop<\/title>\n<meta name=\"robots\" content=\"noindex, follow\" \/>\n<meta property=\"og:locale\" content=\"de_DE\" \/>\n<meta property=\"og:type\" content=\"article\" \/>\n<meta property=\"og:title\" content=\"Postkarte - R\u00f6sterei Eisenwerk Onlineshop\" \/>\n<meta property=\"og:description\" content=\"Auf unseren selbstgestalteten Gru\u00dfkarten kannst du eine pers\u00f6nliche Botschaft \u00fcbermitteln. Falls wir das Paket direkt an den Beschenkten senden, schreiben wir f\u00fcr dich die Botschaft auch gerne auf die Karte. Teile uns in diesem Fall bitte in der Bestellnotiz im Bereich Kasse einen kurzen Text mit.\" \/>\n<meta property=\"og:url\" content=\"https:\/\/shop.roesterei-eisenwerk.de\/?product=postkarte\" \/>\n<meta property=\"og:site_name\" content=\"R\u00f6sterei Eisenwerk Onlineshop\" \/>\n<meta property=\"article:modified_time\" content=\"2022-03-10T18:14:07+00:00\" \/>\n<meta property=\"og:image\" content=\"https:\/\/shop.roesterei-eisenwerk.de\/wp-content\/uploads\/2020\/04\/Postkarten-neu-2.jpg\" \/>\n\t<meta property=\"og:image:width\" content=\"640\" \/>\n\t<meta property=\"og:image:height\" content=\"640\" \/>\n\t<meta property=\"og:image:type\" content=\"image\/jpeg\" \/>\n<meta name=\"twitter:card\" content=\"summary_large_image\" \/>\n<script type=\"application\/ld+json\" class=\"yoast-schema-graph\">{\"@context\":\"https:\\\/\\\/schema.org\",\"@graph\":[{\"@type\":\"WebPage\",\"@id\":\"https:\\\/\\\/shop.roesterei-eisenwerk.de\\\/?product=postkarte\",\"url\":\"https:\\\/\\\/shop.roesterei-eisenwerk.de\\\/?product=postkarte\",\"name\":\"Postkarte - R\u00f6sterei Eisenwerk Onlineshop\",\"isPartOf\":{\"@id\":\"https:\\\/\\\/shop.roesterei-eisenwerk.de\\\/#website\"},\"primaryImageOfPage\":{\"@id\":\"https:\\\/\\\/shop.roesterei-eisenwerk.de\\\/?product=postkarte#primaryimage\"},\"image\":{\"@id\":\"https:\\\/\\\/shop.roesterei-eisenwerk.de\\\/?product=postkarte#primaryimage\"},\"thumbnailUrl\":\"https:\\\/\\\/shop.roesterei-eisenwerk.de\\\/wp-content\\\/uploads\\\/2020\\\/04\\\/Postkarten-neu-2.jpg\",\"datePublished\":\"2020-04-08T13:41:29+00:00\",\"dateModified\":\"2022-03-10T18:14:07+00:00\",\"breadcrumb\":{\"@id\":\"https:\\\/\\\/shop.roesterei-eisenwerk.de\\\/?product=postkarte#breadcrumb\"},\"inLanguage\":\"de\",\"potentialAction\":[{\"@type\":\"ReadAction\",\"target\":[\"https:\\\/\\\/shop.roesterei-eisenwerk.de\\\/?product=postkarte\"]}]},{\"@type\":\"ImageObject\",\"inLanguage\":\"de\",\"@id\":\"https:\\\/\\\/shop.roesterei-eisenwerk.de\\\/?product=postkarte#primaryimage\",\"url\":\"https:\\\/\\\/shop.roesterei-eisenwerk.de\\\/wp-content\\\/uploads\\\/2020\\\/04\\\/Postkarten-neu-2.jpg\",\"contentUrl\":\"https:\\\/\\\/shop.roesterei-eisenwerk.de\\\/wp-content\\\/uploads\\\/2020\\\/04\\\/Postkarten-neu-2.jpg\",\"width\":640,\"height\":640},{\"@type\":\"BreadcrumbList\",\"@id\":\"https:\\\/\\\/shop.roesterei-eisenwerk.de\\\/?product=postkarte#breadcrumb\",\"itemListElement\":[{\"@type\":\"ListItem\",\"position\":1,\"name\":\"Startseite\",\"item\":\"https:\\\/\\\/shop.roesterei-eisenwerk.de\\\/\"},{\"@type\":\"ListItem\",\"position\":2,\"name\":\"Shop\",\"item\":\"https:\\\/\\\/shop.roesterei-eisenwerk.de\\\/\"},{\"@type\":\"ListItem\",\"position\":3,\"name\":\"Postkarte\"}]},{\"@type\":\"WebSite\",\"@id\":\"https:\\\/\\\/shop.roesterei-eisenwerk.de\\\/#website\",\"url\":\"https:\\\/\\\/shop.roesterei-eisenwerk.de\\\/\",\"name\":\"R\u00f6sterei Eisenwerk Onlineshop\",\"description\":\"\",\"publisher\":{\"@id\":\"https:\\\/\\\/shop.roesterei-eisenwerk.de\\\/#organization\"},\"potentialAction\":[{\"@type\":\"SearchAction\",\"target\":{\"@type\":\"EntryPoint\",\"urlTemplate\":\"https:\\\/\\\/shop.roesterei-eisenwerk.de\\\/?s={search_term_string}\"},\"query-input\":{\"@type\":\"PropertyValueSpecification\",\"valueRequired\":true,\"valueName\":\"search_term_string\"}}],\"inLanguage\":\"de\"},{\"@type\":\"Organization\",\"@id\":\"https:\\\/\\\/shop.roesterei-eisenwerk.de\\\/#organization\",\"name\":\"R\u00f6sterei Eisenwerk\",\"url\":\"https:\\\/\\\/shop.roesterei-eisenwerk.de\\\/\",\"logo\":{\"@type\":\"ImageObject\",\"inLanguage\":\"de\",\"@id\":\"https:\\\/\\\/shop.roesterei-eisenwerk.de\\\/#\\\/schema\\\/logo\\\/image\\\/\",\"url\":\"https:\\\/\\\/shop.roesterei-eisenwerk.de\\\/wp-content\\\/uploads\\\/2020\\\/02\\\/Roesterei-Logo-klein8.png\",\"contentUrl\":\"https:\\\/\\\/shop.roesterei-eisenwerk.de\\\/wp-content\\\/uploads\\\/2020\\\/02\\\/Roesterei-Logo-klein8.png\",\"width\":520,\"height\":280,\"caption\":\"R\u00f6sterei Eisenwerk\"},\"image\":{\"@id\":\"https:\\\/\\\/shop.roesterei-eisenwerk.de\\\/#\\\/schema\\\/logo\\\/image\\\/\"}}]}<\/script>\n<!-- \/ Yoast SEO plugin. -->","yoast_head_json":{"title":"Postkarte - R\u00f6sterei Eisenwerk Onlineshop","robots":{"index":"noindex","follow":"follow"},"og_locale":"de_DE","og_type":"article","og_title":"Postkarte - R\u00f6sterei Eisenwerk Onlineshop","og_description":"Auf unseren selbstgestalteten Gru\u00dfkarten kannst du eine pers\u00f6nliche Botschaft \u00fcbermitteln. Falls wir das Paket direkt an den Beschenkten senden, schreiben wir f\u00fcr dich die Botschaft auch gerne auf die Karte. Teile uns in diesem Fall bitte in der Bestellnotiz im Bereich Kasse einen kurzen Text mit.","og_url":"https:\/\/shop.roesterei-eisenwerk.de\/?product=postkarte","og_site_name":"R\u00f6sterei Eisenwerk Onlineshop","article_modified_time":"2022-03-10T18:14:07+00:00","og_image":[{"width":640,"height":640,"url":"https:\/\/shop.roesterei-eisenwerk.de\/wp-content\/uploads\/2020\/04\/Postkarten-neu-2.jpg","type":"image\/jpeg"}],"twitter_card":"summary_large_image","schema":{"@context":"https:\/\/schema.org","@graph":[{"@type":"WebPage","@id":"https:\/\/shop.roesterei-eisenwerk.de\/?product=postkarte","url":"https:\/\/shop.roesterei-eisenwerk.de\/?product=postkarte","name":"Postkarte - R\u00f6sterei Eisenwerk Onlineshop","isPartOf":{"@id":"https:\/\/shop.roesterei-eisenwerk.de\/#website"},"primaryImageOfPage":{"@id":"https:\/\/shop.roesterei-eisenwerk.de\/?product=postkarte#primaryimage"},"image":{"@id":"https:\/\/shop.roesterei-eisenwerk.de\/?product=postkarte#primaryimage"},"thumbnailUrl":"https:\/\/shop.roesterei-eisenwerk.de\/wp-content\/uploads\/2020\/04\/Postkarten-neu-2.jpg","datePublished":"2020-04-08T13:41:29+00:00","dateModified":"2022-03-10T18:14:07+00:00","breadcrumb":{"@id":"https:\/\/shop.roesterei-eisenwerk.de\/?product=postkarte#breadcrumb"},"inLanguage":"de","potentialAction":[{"@type":"ReadAction","target":["https:\/\/shop.roesterei-eisenwerk.de\/?product=postkarte"]}]},{"@type":"ImageObject","inLanguage":"de","@id":"https:\/\/shop.roesterei-eisenwerk.de\/?product=postkarte#primaryimage","url":"https:\/\/shop.roesterei-eisenwerk.de\/wp-content\/uploads\/2020\/04\/Postkarten-neu-2.jpg","contentUrl":"https:\/\/shop.roesterei-eisenwerk.de\/wp-content\/uploads\/2020\/04\/Postkarten-neu-2.jpg","width":640,"height":640},{"@type":"BreadcrumbList","@id":"https:\/\/shop.roesterei-eisenwerk.de\/?product=postkarte#breadcrumb","itemListElement":[{"@type":"ListItem","position":1,"name":"Startseite","item":"https:\/\/shop.roesterei-eisenwerk.de\/"},{"@type":"ListItem","position":2,"name":"Shop","item":"https:\/\/shop.roesterei-eisenwerk.de\/"},{"@type":"ListItem","position":3,"name":"Postkarte"}]},{"@type":"WebSite","@id":"https:\/\/shop.roesterei-eisenwerk.de\/#website","url":"https:\/\/shop.roesterei-eisenwerk.de\/","name":"R\u00f6sterei Eisenwerk Onlineshop","description":"","publisher":{"@id":"https:\/\/shop.roesterei-eisenwerk.de\/#organization"},"potentialAction":[{"@type":"SearchAction","target":{"@type":"EntryPoint","urlTemplate":"https:\/\/shop.roesterei-eisenwerk.de\/?s={search_term_string}"},"query-input":{"@type":"PropertyValueSpecification","valueRequired":true,"valueName":"search_term_string"}}],"inLanguage":"de"},{"@type":"Organization","@id":"https:\/\/shop.roesterei-eisenwerk.de\/#organization","name":"R\u00f6sterei Eisenwerk","url":"https:\/\/shop.roesterei-eisenwerk.de\/","logo":{"@type":"ImageObject","inLanguage":"de","@id":"https:\/\/shop.roesterei-eisenwerk.de\/#\/schema\/logo\/image\/","url":"https:\/\/shop.roesterei-eisenwerk.de\/wp-content\/uploads\/2020\/02\/Roesterei-Logo-klein8.png","contentUrl":"https:\/\/shop.roesterei-eisenwerk.de\/wp-content\/uploads\/2020\/02\/Roesterei-Logo-klein8.png","width":520,"height":280,"caption":"R\u00f6sterei Eisenwerk"},"image":{"@id":"https:\/\/shop.roesterei-eisenwerk.de\/#\/schema\/logo\/image\/"}}]}},"_links":{"self":[{"href":"https:\/\/shop.roesterei-eisenwerk.de\/index.php?rest_route=\/wp\/v2\/product\/2022","targetHints":{"allow":["GET"]}}],"collection":[{"href":"https:\/\/shop.roesterei-eisenwerk.de\/index.php?rest_route=\/wp\/v2\/product"}],"about":[{"href":"https:\/\/shop.roesterei-eisenwerk.de\/index.php?rest_route=\/wp\/v2\/types\/product"}],"wp:featuredmedia":[{"embeddable":true,"href":"https:\/\/shop.roesterei-eisenwerk.de\/index.php?rest_route=\/wp\/v2\/media\/4195"}],"wp:attachment":[{"href":"https:\/\/shop.roesterei-eisenwerk.de\/index.php?rest_route=%2Fwp%2Fv2%2Fmedia&parent=2022"}],"wp:term":[{"taxonomy":"product_brand","embeddable":true,"href":"https:\/\/shop.roesterei-eisenwerk.de\/index.php?rest_route=%2Fwp%2Fv2%2Fproduct_brand&post=2022"},{"taxonomy":"product_cat","embeddable":true,"href":"https:\/\/shop.roesterei-eisenwerk.de\/index.php?rest_route=%2Fwp%2Fv2%2Fproduct_cat&post=2022"},{"taxonomy":"product_tag","embeddable":true,"href":"https:\/\/shop.roesterei-eisenwerk.de\/index.php?rest_route=%2Fwp%2Fv2%2Fproduct_tag&post=2022"}],"curies":[{"name":"wp","href":"https:\/\/api.w.org\/{rel}","templated":true}]}}