{"id":159,"date":"2020-01-28T22:27:04","date_gmt":"2020-01-28T21:27:04","guid":{"rendered":"http:\/\/testshop.roesterei-eisenwerk.de\/produkt\/import-placeholder-for-298\/"},"modified":"2025-09-09T22:52:09","modified_gmt":"2025-09-09T20:52:09","slug":"kaffee-no-6","status":"publish","type":"product","link":"https:\/\/shop.roesterei-eisenwerk.de\/?product=kaffee-no-6","title":{"rendered":"Kaffee No. 6"},"content":{"rendered":"<p>Sortenreiner Parzellenkaffee, kr\u00e4ftig und fruchtig mit feinem Mandarinenduft,<br \/>\nhellen R\u00f6staromen, die an Popcorn erinnern und ausgewogener S\u00fc\u00dfe.<\/p>\n<h5>Herkunft<\/h5>\n<p>Brasilien, Fazendas Dutra<\/p>\n<h5>Variet\u00e4t<\/h5>\n<p>Catuai vermelho, pulped natural<\/p>\n<h5>Optimal f\u00fcr<\/h5>\n<p>Filter, French Press<\/p>\n","protected":false},"excerpt":{"rendered":"<p>Sortenreiner Parzellenkaffee, kr\u00e4ftig und fruchtig mit feinem Mandarinenduft, hellen R\u00f6staromen, die an Popcorn erinnern und ausgewogener S\u00fc\u00dfe. Herkunft Brasilien, Fazendas Dutra Variet\u00e4t Catuai vermelho, pulped natural Optimal f\u00fcr Filter, French Press<\/p>\n","protected":false},"featured_media":179,"template":"","meta":[],"product_brand":[],"product_cat":[58],"product_tag":[40,32,59,60,61],"class_list":{"0":"post-159","1":"product","2":"type-product","3":"status-publish","4":"has-post-thumbnail","6":"product_cat-kaffeeroestungen","7":"product_tag-angenehme-suesse","8":"product_tag-brasilien","9":"product_tag-helle-roestaromen-popcorn","10":"product_tag-kaffee","11":"product_tag-mandarine","13":"first","14":"instock","15":"taxable","16":"shipping-taxable","17":"purchasable","18":"product-type-variable","19":"has-default-attributes"},"yoast_head":"<!-- This site is optimized with the Yoast SEO plugin v27.6 - https:\/\/yoast.com\/product\/yoast-seo-wordpress\/ -->\n<title>Kaffee No. 6 - R\u00f6sterei Eisenwerk Onlineshop<\/title>\n<meta name=\"robots\" content=\"noindex, follow\" \/>\n<meta property=\"og:locale\" content=\"de_DE\" \/>\n<meta property=\"og:type\" content=\"article\" \/>\n<meta property=\"og:title\" content=\"Kaffee No. 6 - R\u00f6sterei Eisenwerk Onlineshop\" \/>\n<meta property=\"og:description\" content=\"Sortenreiner Parzellenkaffee, kr\u00e4ftig und fruchtig mit feinem Mandarinenduft, hellen R\u00f6staromen, die an Popcorn erinnern und ausgewogener S\u00fc\u00dfe. Herkunft Brasilien, Fazendas Dutra Variet\u00e4t Catuai vermelho, pulped natural Optimal f\u00fcr Filter, French Press\" \/>\n<meta property=\"og:url\" content=\"https:\/\/shop.roesterei-eisenwerk.de\/?product=kaffee-no-6\" \/>\n<meta property=\"og:site_name\" content=\"R\u00f6sterei Eisenwerk Onlineshop\" \/>\n<meta property=\"article:modified_time\" content=\"2025-09-09T20:52:09+00:00\" \/>\n<meta property=\"og:image\" content=\"https:\/\/shop.roesterei-eisenwerk.de\/wp-content\/uploads\/2020\/01\/Kaffee6.png\" \/>\n\t<meta property=\"og:image:width\" content=\"1181\" \/>\n\t<meta property=\"og:image:height\" content=\"1181\" \/>\n\t<meta property=\"og:image:type\" content=\"image\/png\" \/>\n<meta name=\"twitter:card\" content=\"summary_large_image\" \/>\n<meta name=\"twitter:label1\" content=\"Gesch\u00e4tzte Lesezeit\" \/>\n\t<meta name=\"twitter:data1\" content=\"1\u00a0Minute\" \/>\n<script type=\"application\/ld+json\" class=\"yoast-schema-graph\">{\"@context\":\"https:\\\/\\\/schema.org\",\"@graph\":[{\"@type\":\"WebPage\",\"@id\":\"https:\\\/\\\/shop.roesterei-eisenwerk.de\\\/?product=kaffee-no-6\",\"url\":\"https:\\\/\\\/shop.roesterei-eisenwerk.de\\\/?product=kaffee-no-6\",\"name\":\"Kaffee No. 6 - R\u00f6sterei Eisenwerk Onlineshop\",\"isPartOf\":{\"@id\":\"https:\\\/\\\/shop.roesterei-eisenwerk.de\\\/#website\"},\"primaryImageOfPage\":{\"@id\":\"https:\\\/\\\/shop.roesterei-eisenwerk.de\\\/?product=kaffee-no-6#primaryimage\"},\"image\":{\"@id\":\"https:\\\/\\\/shop.roesterei-eisenwerk.de\\\/?product=kaffee-no-6#primaryimage\"},\"thumbnailUrl\":\"https:\\\/\\\/shop.roesterei-eisenwerk.de\\\/wp-content\\\/uploads\\\/2020\\\/01\\\/Kaffee6.png\",\"datePublished\":\"2020-01-28T21:27:04+00:00\",\"dateModified\":\"2025-09-09T20:52:09+00:00\",\"breadcrumb\":{\"@id\":\"https:\\\/\\\/shop.roesterei-eisenwerk.de\\\/?product=kaffee-no-6#breadcrumb\"},\"inLanguage\":\"de\",\"potentialAction\":[{\"@type\":\"ReadAction\",\"target\":[\"https:\\\/\\\/shop.roesterei-eisenwerk.de\\\/?product=kaffee-no-6\"]}]},{\"@type\":\"ImageObject\",\"inLanguage\":\"de\",\"@id\":\"https:\\\/\\\/shop.roesterei-eisenwerk.de\\\/?product=kaffee-no-6#primaryimage\",\"url\":\"https:\\\/\\\/shop.roesterei-eisenwerk.de\\\/wp-content\\\/uploads\\\/2020\\\/01\\\/Kaffee6.png\",\"contentUrl\":\"https:\\\/\\\/shop.roesterei-eisenwerk.de\\\/wp-content\\\/uploads\\\/2020\\\/01\\\/Kaffee6.png\",\"width\":1181,\"height\":1181},{\"@type\":\"BreadcrumbList\",\"@id\":\"https:\\\/\\\/shop.roesterei-eisenwerk.de\\\/?product=kaffee-no-6#breadcrumb\",\"itemListElement\":[{\"@type\":\"ListItem\",\"position\":1,\"name\":\"Startseite\",\"item\":\"https:\\\/\\\/shop.roesterei-eisenwerk.de\\\/\"},{\"@type\":\"ListItem\",\"position\":2,\"name\":\"Shop\",\"item\":\"https:\\\/\\\/shop.roesterei-eisenwerk.de\\\/\"},{\"@type\":\"ListItem\",\"position\":3,\"name\":\"Kaffee No. 6\"}]},{\"@type\":\"WebSite\",\"@id\":\"https:\\\/\\\/shop.roesterei-eisenwerk.de\\\/#website\",\"url\":\"https:\\\/\\\/shop.roesterei-eisenwerk.de\\\/\",\"name\":\"R\u00f6sterei Eisenwerk Onlineshop\",\"description\":\"\",\"publisher\":{\"@id\":\"https:\\\/\\\/shop.roesterei-eisenwerk.de\\\/#organization\"},\"potentialAction\":[{\"@type\":\"SearchAction\",\"target\":{\"@type\":\"EntryPoint\",\"urlTemplate\":\"https:\\\/\\\/shop.roesterei-eisenwerk.de\\\/?s={search_term_string}\"},\"query-input\":{\"@type\":\"PropertyValueSpecification\",\"valueRequired\":true,\"valueName\":\"search_term_string\"}}],\"inLanguage\":\"de\"},{\"@type\":\"Organization\",\"@id\":\"https:\\\/\\\/shop.roesterei-eisenwerk.de\\\/#organization\",\"name\":\"R\u00f6sterei Eisenwerk\",\"url\":\"https:\\\/\\\/shop.roesterei-eisenwerk.de\\\/\",\"logo\":{\"@type\":\"ImageObject\",\"inLanguage\":\"de\",\"@id\":\"https:\\\/\\\/shop.roesterei-eisenwerk.de\\\/#\\\/schema\\\/logo\\\/image\\\/\",\"url\":\"https:\\\/\\\/shop.roesterei-eisenwerk.de\\\/wp-content\\\/uploads\\\/2020\\\/02\\\/Roesterei-Logo-klein8.png\",\"contentUrl\":\"https:\\\/\\\/shop.roesterei-eisenwerk.de\\\/wp-content\\\/uploads\\\/2020\\\/02\\\/Roesterei-Logo-klein8.png\",\"width\":520,\"height\":280,\"caption\":\"R\u00f6sterei Eisenwerk\"},\"image\":{\"@id\":\"https:\\\/\\\/shop.roesterei-eisenwerk.de\\\/#\\\/schema\\\/logo\\\/image\\\/\"}}]}<\/script>\n<!-- \/ Yoast SEO plugin. -->","yoast_head_json":{"title":"Kaffee No. 6 - R\u00f6sterei Eisenwerk Onlineshop","robots":{"index":"noindex","follow":"follow"},"og_locale":"de_DE","og_type":"article","og_title":"Kaffee No. 6 - R\u00f6sterei Eisenwerk Onlineshop","og_description":"Sortenreiner Parzellenkaffee, kr\u00e4ftig und fruchtig mit feinem Mandarinenduft, hellen R\u00f6staromen, die an Popcorn erinnern und ausgewogener S\u00fc\u00dfe. Herkunft Brasilien, Fazendas Dutra Variet\u00e4t Catuai vermelho, pulped natural Optimal f\u00fcr Filter, French Press","og_url":"https:\/\/shop.roesterei-eisenwerk.de\/?product=kaffee-no-6","og_site_name":"R\u00f6sterei Eisenwerk Onlineshop","article_modified_time":"2025-09-09T20:52:09+00:00","og_image":[{"width":1181,"height":1181,"url":"https:\/\/shop.roesterei-eisenwerk.de\/wp-content\/uploads\/2020\/01\/Kaffee6.png","type":"image\/png"}],"twitter_card":"summary_large_image","twitter_misc":{"Gesch\u00e4tzte Lesezeit":"1\u00a0Minute"},"schema":{"@context":"https:\/\/schema.org","@graph":[{"@type":"WebPage","@id":"https:\/\/shop.roesterei-eisenwerk.de\/?product=kaffee-no-6","url":"https:\/\/shop.roesterei-eisenwerk.de\/?product=kaffee-no-6","name":"Kaffee No. 6 - R\u00f6sterei Eisenwerk Onlineshop","isPartOf":{"@id":"https:\/\/shop.roesterei-eisenwerk.de\/#website"},"primaryImageOfPage":{"@id":"https:\/\/shop.roesterei-eisenwerk.de\/?product=kaffee-no-6#primaryimage"},"image":{"@id":"https:\/\/shop.roesterei-eisenwerk.de\/?product=kaffee-no-6#primaryimage"},"thumbnailUrl":"https:\/\/shop.roesterei-eisenwerk.de\/wp-content\/uploads\/2020\/01\/Kaffee6.png","datePublished":"2020-01-28T21:27:04+00:00","dateModified":"2025-09-09T20:52:09+00:00","breadcrumb":{"@id":"https:\/\/shop.roesterei-eisenwerk.de\/?product=kaffee-no-6#breadcrumb"},"inLanguage":"de","potentialAction":[{"@type":"ReadAction","target":["https:\/\/shop.roesterei-eisenwerk.de\/?product=kaffee-no-6"]}]},{"@type":"ImageObject","inLanguage":"de","@id":"https:\/\/shop.roesterei-eisenwerk.de\/?product=kaffee-no-6#primaryimage","url":"https:\/\/shop.roesterei-eisenwerk.de\/wp-content\/uploads\/2020\/01\/Kaffee6.png","contentUrl":"https:\/\/shop.roesterei-eisenwerk.de\/wp-content\/uploads\/2020\/01\/Kaffee6.png","width":1181,"height":1181},{"@type":"BreadcrumbList","@id":"https:\/\/shop.roesterei-eisenwerk.de\/?product=kaffee-no-6#breadcrumb","itemListElement":[{"@type":"ListItem","position":1,"name":"Startseite","item":"https:\/\/shop.roesterei-eisenwerk.de\/"},{"@type":"ListItem","position":2,"name":"Shop","item":"https:\/\/shop.roesterei-eisenwerk.de\/"},{"@type":"ListItem","position":3,"name":"Kaffee No. 6"}]},{"@type":"WebSite","@id":"https:\/\/shop.roesterei-eisenwerk.de\/#website","url":"https:\/\/shop.roesterei-eisenwerk.de\/","name":"R\u00f6sterei Eisenwerk Onlineshop","description":"","publisher":{"@id":"https:\/\/shop.roesterei-eisenwerk.de\/#organization"},"potentialAction":[{"@type":"SearchAction","target":{"@type":"EntryPoint","urlTemplate":"https:\/\/shop.roesterei-eisenwerk.de\/?s={search_term_string}"},"query-input":{"@type":"PropertyValueSpecification","valueRequired":true,"valueName":"search_term_string"}}],"inLanguage":"de"},{"@type":"Organization","@id":"https:\/\/shop.roesterei-eisenwerk.de\/#organization","name":"R\u00f6sterei Eisenwerk","url":"https:\/\/shop.roesterei-eisenwerk.de\/","logo":{"@type":"ImageObject","inLanguage":"de","@id":"https:\/\/shop.roesterei-eisenwerk.de\/#\/schema\/logo\/image\/","url":"https:\/\/shop.roesterei-eisenwerk.de\/wp-content\/uploads\/2020\/02\/Roesterei-Logo-klein8.png","contentUrl":"https:\/\/shop.roesterei-eisenwerk.de\/wp-content\/uploads\/2020\/02\/Roesterei-Logo-klein8.png","width":520,"height":280,"caption":"R\u00f6sterei Eisenwerk"},"image":{"@id":"https:\/\/shop.roesterei-eisenwerk.de\/#\/schema\/logo\/image\/"}}]}},"_links":{"self":[{"href":"https:\/\/shop.roesterei-eisenwerk.de\/index.php?rest_route=\/wp\/v2\/product\/159","targetHints":{"allow":["GET"]}}],"collection":[{"href":"https:\/\/shop.roesterei-eisenwerk.de\/index.php?rest_route=\/wp\/v2\/product"}],"about":[{"href":"https:\/\/shop.roesterei-eisenwerk.de\/index.php?rest_route=\/wp\/v2\/types\/product"}],"wp:featuredmedia":[{"embeddable":true,"href":"https:\/\/shop.roesterei-eisenwerk.de\/index.php?rest_route=\/wp\/v2\/media\/179"}],"wp:attachment":[{"href":"https:\/\/shop.roesterei-eisenwerk.de\/index.php?rest_route=%2Fwp%2Fv2%2Fmedia&parent=159"}],"wp:term":[{"taxonomy":"product_brand","embeddable":true,"href":"https:\/\/shop.roesterei-eisenwerk.de\/index.php?rest_route=%2Fwp%2Fv2%2Fproduct_brand&post=159"},{"taxonomy":"product_cat","embeddable":true,"href":"https:\/\/shop.roesterei-eisenwerk.de\/index.php?rest_route=%2Fwp%2Fv2%2Fproduct_cat&post=159"},{"taxonomy":"product_tag","embeddable":true,"href":"https:\/\/shop.roesterei-eisenwerk.de\/index.php?rest_route=%2Fwp%2Fv2%2Fproduct_tag&post=159"}],"curies":[{"name":"wp","href":"https:\/\/api.w.org\/{rel}","templated":true}]}}