{"id":508,"date":"2020-02-07T22:25:38","date_gmt":"2020-02-07T21:25:38","guid":{"rendered":"http:\/\/testshop.roesterei-eisenwerk.de\/?page_id=508"},"modified":"2020-02-24T16:35:32","modified_gmt":"2020-02-24T15:35:32","slug":"bezahlung-versand","status":"publish","type":"page","link":"https:\/\/shop.roesterei-eisenwerk.de\/?page_id=508","title":{"rendered":"Bezahlung &#038; Versand"},"content":{"rendered":"<h3><strong><br \/>\nVersand &amp; Lieferung<\/strong><\/h3>\n<p>Die Versandkosten in Deutschland betragen <strong>5,90 \u20ac<\/strong>.<br \/>\nGutscheine f\u00fcr Schulungen sind versandkostenfrei.<\/p>\n<p>Wir versenden nur innerhalb Deutschlands.<br \/>\nDie Lieferung erfolgt per Paketdienst an Ihre Lieferadresse.<br \/>\nDie Lieferzeit betr\u00e4gt nach Zahlungseingang 3-4 Werktage.<\/p>\n<h3><strong>Bezahlung<\/strong><\/h3>\n<p>Es stehen Ihnen zwei Zahlungsarten zur Verf\u00fcgung:<\/p>\n<p><strong>Vorkasse<br \/>\n<\/strong>Im Anschluss an Ihre Bestellung erhalten Sie unsere Bankdaten per Email. Sie \u00fcberweisen den Betrag unter Angabe der Bestellnummer auf unser Konto. Sobald Ihre Zahlung bei uns eingegangen ist, versenden wir die Ware umgehend.<\/p>\n<p><strong>Paypal<br \/>\n<\/strong>Um \u00fcber Paypal zahlen zu k\u00f6nnen, ben\u00f6tigen Sie einen kostenlosen Account bei Paypal. Wenn Sie die Zahlungsart Paypal w\u00e4hlen, werden Sie im Anschluss an Ihre Bestellung an Paypal weitergeleitet, wo Sie sich einloggen oder neu registrieren. Sobald Sie die Zahlung per Paypal durchgef\u00fchrt haben, versenden wir Ihre Ware umgehend.<\/p>\n","protected":false},"excerpt":{"rendered":"<p>Versand &amp; Lieferung Die Versandkosten in Deutschland betragen 5,90 \u20ac. Gutscheine f\u00fcr Schulungen sind versandkostenfrei. Wir versenden nur innerhalb Deutschlands. Die Lieferung erfolgt per Paketdienst an Ihre Lieferadresse. Die Lieferzeit betr\u00e4gt nach Zahlungseingang 3-4 Werktage. Bezahlung Es stehen Ihnen zwei Zahlungsarten zur Verf\u00fcgung: Vorkasse Im Anschluss an Ihre Bestellung erhalten Sie unsere Bankdaten per Email. [&hellip;]<\/p>\n","protected":false},"author":1,"featured_media":0,"parent":0,"menu_order":0,"comment_status":"closed","ping_status":"closed","template":"","meta":{"footnotes":""},"class_list":["post-508","page","type-page","status-publish","hentry"],"yoast_head":"<!-- This site is optimized with the Yoast SEO plugin v27.6 - https:\/\/yoast.com\/product\/yoast-seo-wordpress\/ -->\n<title>Bezahlung &amp; Versand - R\u00f6sterei Eisenwerk Onlineshop<\/title>\n<meta name=\"robots\" content=\"index, follow, max-snippet:-1, max-image-preview:large, max-video-preview:-1\" \/>\n<link rel=\"canonical\" href=\"https:\/\/shop.roesterei-eisenwerk.de\/?page_id=508\" \/>\n<meta property=\"og:locale\" content=\"de_DE\" \/>\n<meta property=\"og:type\" content=\"article\" \/>\n<meta property=\"og:title\" content=\"Bezahlung &amp; Versand - R\u00f6sterei Eisenwerk Onlineshop\" \/>\n<meta property=\"og:description\" content=\"Versand &amp; Lieferung Die Versandkosten in Deutschland betragen 5,90 \u20ac. Gutscheine f\u00fcr Schulungen sind versandkostenfrei. Wir versenden nur innerhalb Deutschlands. Die Lieferung erfolgt per Paketdienst an Ihre Lieferadresse. Die Lieferzeit betr\u00e4gt nach Zahlungseingang 3-4 Werktage. Bezahlung Es stehen Ihnen zwei Zahlungsarten zur Verf\u00fcgung: Vorkasse Im Anschluss an Ihre Bestellung erhalten Sie unsere Bankdaten per Email. [&hellip;]\" \/>\n<meta property=\"og:url\" content=\"https:\/\/shop.roesterei-eisenwerk.de\/?page_id=508\" \/>\n<meta property=\"og:site_name\" content=\"R\u00f6sterei Eisenwerk Onlineshop\" \/>\n<meta property=\"article:modified_time\" content=\"2020-02-24T15:35:32+00:00\" \/>\n<meta name=\"twitter:card\" content=\"summary_large_image\" \/>\n<meta name=\"twitter:label1\" content=\"Gesch\u00e4tzte Lesezeit\" \/>\n\t<meta name=\"twitter:data1\" content=\"1\u00a0Minute\" \/>\n<script type=\"application\/ld+json\" class=\"yoast-schema-graph\">{\"@context\":\"https:\\\/\\\/schema.org\",\"@graph\":[{\"@type\":\"WebPage\",\"@id\":\"https:\\\/\\\/shop.roesterei-eisenwerk.de\\\/?page_id=508\",\"url\":\"https:\\\/\\\/shop.roesterei-eisenwerk.de\\\/?page_id=508\",\"name\":\"Bezahlung & Versand - R\u00f6sterei Eisenwerk Onlineshop\",\"isPartOf\":{\"@id\":\"https:\\\/\\\/shop.roesterei-eisenwerk.de\\\/#website\"},\"datePublished\":\"2020-02-07T21:25:38+00:00\",\"dateModified\":\"2020-02-24T15:35:32+00:00\",\"breadcrumb\":{\"@id\":\"https:\\\/\\\/shop.roesterei-eisenwerk.de\\\/?page_id=508#breadcrumb\"},\"inLanguage\":\"de\",\"potentialAction\":[{\"@type\":\"ReadAction\",\"target\":[\"https:\\\/\\\/shop.roesterei-eisenwerk.de\\\/?page_id=508\"]}]},{\"@type\":\"BreadcrumbList\",\"@id\":\"https:\\\/\\\/shop.roesterei-eisenwerk.de\\\/?page_id=508#breadcrumb\",\"itemListElement\":[{\"@type\":\"ListItem\",\"position\":1,\"name\":\"Startseite\",\"item\":\"https:\\\/\\\/shop.roesterei-eisenwerk.de\\\/\"},{\"@type\":\"ListItem\",\"position\":2,\"name\":\"Bezahlung &#038; Versand\"}]},{\"@type\":\"WebSite\",\"@id\":\"https:\\\/\\\/shop.roesterei-eisenwerk.de\\\/#website\",\"url\":\"https:\\\/\\\/shop.roesterei-eisenwerk.de\\\/\",\"name\":\"R\u00f6sterei Eisenwerk Onlineshop\",\"description\":\"\",\"publisher\":{\"@id\":\"https:\\\/\\\/shop.roesterei-eisenwerk.de\\\/#organization\"},\"potentialAction\":[{\"@type\":\"SearchAction\",\"target\":{\"@type\":\"EntryPoint\",\"urlTemplate\":\"https:\\\/\\\/shop.roesterei-eisenwerk.de\\\/?s={search_term_string}\"},\"query-input\":{\"@type\":\"PropertyValueSpecification\",\"valueRequired\":true,\"valueName\":\"search_term_string\"}}],\"inLanguage\":\"de\"},{\"@type\":\"Organization\",\"@id\":\"https:\\\/\\\/shop.roesterei-eisenwerk.de\\\/#organization\",\"name\":\"R\u00f6sterei Eisenwerk\",\"url\":\"https:\\\/\\\/shop.roesterei-eisenwerk.de\\\/\",\"logo\":{\"@type\":\"ImageObject\",\"inLanguage\":\"de\",\"@id\":\"https:\\\/\\\/shop.roesterei-eisenwerk.de\\\/#\\\/schema\\\/logo\\\/image\\\/\",\"url\":\"https:\\\/\\\/shop.roesterei-eisenwerk.de\\\/wp-content\\\/uploads\\\/2020\\\/02\\\/Roesterei-Logo-klein8.png\",\"contentUrl\":\"https:\\\/\\\/shop.roesterei-eisenwerk.de\\\/wp-content\\\/uploads\\\/2020\\\/02\\\/Roesterei-Logo-klein8.png\",\"width\":520,\"height\":280,\"caption\":\"R\u00f6sterei Eisenwerk\"},\"image\":{\"@id\":\"https:\\\/\\\/shop.roesterei-eisenwerk.de\\\/#\\\/schema\\\/logo\\\/image\\\/\"}}]}<\/script>\n<!-- \/ Yoast SEO plugin. -->","yoast_head_json":{"title":"Bezahlung & Versand - R\u00f6sterei Eisenwerk Onlineshop","robots":{"index":"index","follow":"follow","max-snippet":"max-snippet:-1","max-image-preview":"max-image-preview:large","max-video-preview":"max-video-preview:-1"},"canonical":"https:\/\/shop.roesterei-eisenwerk.de\/?page_id=508","og_locale":"de_DE","og_type":"article","og_title":"Bezahlung & Versand - R\u00f6sterei Eisenwerk Onlineshop","og_description":"Versand &amp; Lieferung Die Versandkosten in Deutschland betragen 5,90 \u20ac. Gutscheine f\u00fcr Schulungen sind versandkostenfrei. Wir versenden nur innerhalb Deutschlands. Die Lieferung erfolgt per Paketdienst an Ihre Lieferadresse. Die Lieferzeit betr\u00e4gt nach Zahlungseingang 3-4 Werktage. Bezahlung Es stehen Ihnen zwei Zahlungsarten zur Verf\u00fcgung: Vorkasse Im Anschluss an Ihre Bestellung erhalten Sie unsere Bankdaten per Email. [&hellip;]","og_url":"https:\/\/shop.roesterei-eisenwerk.de\/?page_id=508","og_site_name":"R\u00f6sterei Eisenwerk Onlineshop","article_modified_time":"2020-02-24T15:35:32+00:00","twitter_card":"summary_large_image","twitter_misc":{"Gesch\u00e4tzte Lesezeit":"1\u00a0Minute"},"schema":{"@context":"https:\/\/schema.org","@graph":[{"@type":"WebPage","@id":"https:\/\/shop.roesterei-eisenwerk.de\/?page_id=508","url":"https:\/\/shop.roesterei-eisenwerk.de\/?page_id=508","name":"Bezahlung & Versand - R\u00f6sterei Eisenwerk Onlineshop","isPartOf":{"@id":"https:\/\/shop.roesterei-eisenwerk.de\/#website"},"datePublished":"2020-02-07T21:25:38+00:00","dateModified":"2020-02-24T15:35:32+00:00","breadcrumb":{"@id":"https:\/\/shop.roesterei-eisenwerk.de\/?page_id=508#breadcrumb"},"inLanguage":"de","potentialAction":[{"@type":"ReadAction","target":["https:\/\/shop.roesterei-eisenwerk.de\/?page_id=508"]}]},{"@type":"BreadcrumbList","@id":"https:\/\/shop.roesterei-eisenwerk.de\/?page_id=508#breadcrumb","itemListElement":[{"@type":"ListItem","position":1,"name":"Startseite","item":"https:\/\/shop.roesterei-eisenwerk.de\/"},{"@type":"ListItem","position":2,"name":"Bezahlung &#038; Versand"}]},{"@type":"WebSite","@id":"https:\/\/shop.roesterei-eisenwerk.de\/#website","url":"https:\/\/shop.roesterei-eisenwerk.de\/","name":"R\u00f6sterei Eisenwerk Onlineshop","description":"","publisher":{"@id":"https:\/\/shop.roesterei-eisenwerk.de\/#organization"},"potentialAction":[{"@type":"SearchAction","target":{"@type":"EntryPoint","urlTemplate":"https:\/\/shop.roesterei-eisenwerk.de\/?s={search_term_string}"},"query-input":{"@type":"PropertyValueSpecification","valueRequired":true,"valueName":"search_term_string"}}],"inLanguage":"de"},{"@type":"Organization","@id":"https:\/\/shop.roesterei-eisenwerk.de\/#organization","name":"R\u00f6sterei Eisenwerk","url":"https:\/\/shop.roesterei-eisenwerk.de\/","logo":{"@type":"ImageObject","inLanguage":"de","@id":"https:\/\/shop.roesterei-eisenwerk.de\/#\/schema\/logo\/image\/","url":"https:\/\/shop.roesterei-eisenwerk.de\/wp-content\/uploads\/2020\/02\/Roesterei-Logo-klein8.png","contentUrl":"https:\/\/shop.roesterei-eisenwerk.de\/wp-content\/uploads\/2020\/02\/Roesterei-Logo-klein8.png","width":520,"height":280,"caption":"R\u00f6sterei Eisenwerk"},"image":{"@id":"https:\/\/shop.roesterei-eisenwerk.de\/#\/schema\/logo\/image\/"}}]}},"_links":{"self":[{"href":"https:\/\/shop.roesterei-eisenwerk.de\/index.php?rest_route=\/wp\/v2\/pages\/508","targetHints":{"allow":["GET"]}}],"collection":[{"href":"https:\/\/shop.roesterei-eisenwerk.de\/index.php?rest_route=\/wp\/v2\/pages"}],"about":[{"href":"https:\/\/shop.roesterei-eisenwerk.de\/index.php?rest_route=\/wp\/v2\/types\/page"}],"author":[{"embeddable":true,"href":"https:\/\/shop.roesterei-eisenwerk.de\/index.php?rest_route=\/wp\/v2\/users\/1"}],"replies":[{"embeddable":true,"href":"https:\/\/shop.roesterei-eisenwerk.de\/index.php?rest_route=%2Fwp%2Fv2%2Fcomments&post=508"}],"version-history":[{"count":23,"href":"https:\/\/shop.roesterei-eisenwerk.de\/index.php?rest_route=\/wp\/v2\/pages\/508\/revisions"}],"predecessor-version":[{"id":1211,"href":"https:\/\/shop.roesterei-eisenwerk.de\/index.php?rest_route=\/wp\/v2\/pages\/508\/revisions\/1211"}],"wp:attachment":[{"href":"https:\/\/shop.roesterei-eisenwerk.de\/index.php?rest_route=%2Fwp%2Fv2%2Fmedia&parent=508"}],"curies":[{"name":"wp","href":"https:\/\/api.w.org\/{rel}","templated":true}]}}